{"id":143,"date":"2013-06-02T13:39:40","date_gmt":"2013-06-02T11:39:40","guid":{"rendered":"http:\/\/www.vermessung-und-geoinformation.de\/?page_id=143"},"modified":"2019-08-26T15:45:20","modified_gmt":"2019-08-26T13:45:20","slug":"rezensionen","status":"publish","type":"page","link":"https:\/\/www.vermessung-und-geoinformation.de\/?page_id=143","title":{"rendered":"Rezensionen"},"content":{"rendered":"<h1><b>Und so urteilen die Rezensenten zur 12. Auflage:<\/b><\/h1>\n<h2><b>\u00a0<\/b><b>Allgemeine Vermessungsnachrichten 11-12\/2012, Seite 393\u00a0<a href=\"\/wp-content\/uploads\/avn_2012_11_12.pdf\" rel=\"attachment wp-att-139\">(avn 11\/12 2012)<\/a><br \/>\n<\/b><\/h2>\n<p>Generationen von Vermessungstechnikern haben mit diesem Buch w\u00e4hrend und nach ihrer Ausbildung gelernt. Fr\u00fcher war das Werk bekannt als &#8222;Hagebusch&#8220;. Im Lauf der letzten 46 Jahre [&#8230;] wurde das Fachbuch immer wieder um aktuelle Themen auf Grund des technischen Fortschritts im Beruf erg\u00e4nzt, verbessert und somit auf den neuesten Stand gebracht. Die jetzt vorliegende 12. Auflage wurde inhaltlich neu strukturiert und den Anforderungen, die durch die berufliche Neuordnung im Jahr 2010 notwendig waren, angepasst.<\/p>\n<p>[&#8230;]<\/p>\n<p>Nicht mehr g\u00e4ngige Arbeitsweisen wurden weggelassen oder inhaltlich gek\u00fcrzt. Trotzdem ist immer noch erkennbar, dass zum Verst\u00e4ndnis der alten Nachweise des Liegenschaftskatasters die notwendigen Ausbildungsinhalte vermittelt werden. Dies ist wichtig, da ohne das Verst\u00e4ndnis f\u00fcr &#8222;\u00e4ltere Arbeitsweisen&#8220;, der Beruf nicht richtig erlernt werden kann. Dies gilt f\u00fcr alle Berufe.<\/p>\n<p>[&#8230;]<\/p>\n<p>Auf \u00fcber 400 Seiten wird im vorliegenden &#8222;Fachbuch f\u00fcr Vermessungstechniker und Geomatiker&#8220; ein Hilfsmittel angeboten, das dem Auszubildenden einen sehr guten Einstieg in die Geoinformationstechnologie bietet und dem Ausbilder hilft, die Inhalte der beiden Ausbildungsberufe zu vermitteln.<\/p>\n<p>Ich als &#8222;alter&#8220; Vermesser und langj\u00e4hriger Ausbildungsberater f\u00fcr die genannten Berufe h\u00e4tte an die Autoren noch W\u00fcnsche. Bei der n\u00e4chsten Auflage sollte eine Ausgabe auf CD dabei sein, da die jetzige Generation der Auszubildende mit Notebook und Smartphone unterwegs ist. Anzuregen w\u00e4re auch eine aktuelle, begleitende Aufgabensammlung f\u00fcr die Vorbereitung auf die Zwischen- und die Abschlusspr\u00fcfung in den neuen Berufen der Geoinformationstechnologie.<\/p>\n<p><i>Manfred Reimann, D\u00fcsseldorf<\/i><\/p>\n<h2><b>VDV-Magazin 6\/12 Nachrichten, S. 508\u00a0<b><a href=\"\/wp-content\/uploads\/VDV_2012_06.pdf\" rel=\"attachment wp-att-141\">(VDVmagazin 6\/2012)<\/a><\/b><br \/>\n<\/b><\/h2>\n<p>[&#8230;]<b><br \/>\n<\/b><\/p>\n<p>Aufgrund der stark ver\u00e4nderten Ausbildungsinhalte durch die Neufassung des Berufsbildes in der Geoinformationstechnologie (Vermessungstechniker und Geomatiker) wurde es erforderlich, umfangreiche Kapitel einzuf\u00fcgen bzw. grundlegend zu \u00fcberarbeiten. Insbesondere sind auch die modernen Verfahren und Techniken wie GNNS, Ausgleichungsrechnung, Grundlagen der ADV sowie die Geomatik, in der f\u00fcr die Ausbildung erforderlichen Tiefe dargestellt. Im Gegenzug wurde diese neue Auflage\u00a0 von Althergebrachtem [&#8230;] entlastet, soweit sie nicht zum Verstehen der neuen Verfahren n\u00f6tig sind.<\/p>\n<p>Dieses Buch richtet sich haupts\u00e4chlich an die Auszubildenden der Berufe Vermessungstechniker und Geomatiker. Dar\u00fcber hinaus ist es ein wertvolles Nachschlagewerk f\u00fcr alle, die sich mit dem Basiswissen der Vermessungstechnik besch\u00e4ftigen. Die umfassenden Darstellungen des Berufsbildes der Vermessungstechnik sind so selbsterkl\u00e4rend aufgebaut, dass ein Selbststudium nahezu m\u00f6glich ist.<\/p>\n<p><i>Burkhard Kreuter, Wuppertal<\/i><\/p>\n<h2>zfv 1\/2013 138. Jg. Seite 110 <b><b><a href=\"\/wp-content\/uploads\/zfV_2013_01.pdf\" rel=\"attachment wp-att-142\">(zfV 1\/2013)<\/a> <\/b><\/b><\/h2>\n<p><b>\u00a0 [&#8230;] <\/b>Der Begr\u00fcnder und Autor der ersten f\u00fcnf Auflagen der &#8222;Fachkunde f\u00fcr Vermessungstechniker&#8220;, Alfred Hagebusch schreibt in seinem Vorwort im Dezember 1966: &#8222;Diese Buch d\u00fcrfte eine wertvolle Hilfe f\u00fcr die Ausbildung der Lehrlinge in den B\u00fcros sein&#8220;.<\/p>\n<p>Dies kann man aus heutiger Sicht noch absolut bekr\u00e4ftigen. [&#8230;]<\/p>\n<p>[&#8230;]<\/p>\n<p>Um den Auszubildenden aktuelle Lerninhalte zur Verf\u00fcgung zu stellen, wurden alle wesentlichen Bestandteile der neuen Ausbildungsberufe in das Buch aufgenommen. Insbesondere hierdurch w\u00e4chst der Umfang des Buches um ca. 150 Seiten. Es erfolgte eine neue Ordnung in die sieben Kapitel &#8222;Grundlagen der Geoinformationstechnologie&#8220;, &#8222;Erhebung von Lagedaten&#8220;, &#8222;Vermessungstechnische Lageberechnungen&#8220;, &#8222;Erhebung von H\u00f6hendaten, Ingenieurvermessung&#8220;, &#8222;Photogrammetrie, Fernerkundung&#8220;, &#8222;F\u00fchrung von Geobasisdaten, Kataster- und Baurecht&#8220; sowie zuletzt &#8222;Geomatik&#8220;.<\/p>\n<p>[&#8230;]<\/p>\n<p>Diese v\u00f6llige Neubearbeitung des Buches erforderte auch von den Autoren eine Entscheidung, ob \u00e4ltere Verfahren noch praxisrelevant sind. So hat man sich teilweise von althergebrachtem getrennt, aber auch noch den modernen Verfahren gegen\u00fcbergestellt. Dies ist den Autoren sehr gut gelungen.<\/p>\n<p>Das Buch erhebt nicht den Anspruch auf Vollst\u00e4ndigkeit. Es muss immer auf weitere vertiefende Literatur hingewiesen werden. Es ist ein Fachbuch, das den Vermessungstechniker bzw. die Vermessungstechnikerin und den Geomatiker bzw. die Geomatikerin als Lernunterlage w\u00e4hrend der mehrj\u00e4hrigen Berufsausbildung begleitet und daher f\u00fcr alle Auszubildenden in der Geoinformationstechnik zu empfehlen ist.<\/p>\n<p><i>Hans-Josef Werntgen, D\u00fcsseldorf<\/i><\/p>\n<h2><b>Ingenieurverband Geoinformation und Vermessung Bayern e.V.\u00a0\u00a0 &#8222;Einblicke&#8220; 04\/2012 <b><b><a href=\"\/wp-content\/uploads\/Einblick_2012_04.pdf\" rel=\"attachment wp-att-140\">(Einblick 4\/2012)<\/a><\/b><\/b><br \/>\n<\/b><\/h2>\n<p>[&#8230;]<\/p>\n<p>Aufgrund der Reform der Ausbildungsverordnung im Jahr 2010 [&#8230;] ging es nicht nur darum, die Inhalte zu aktualisieren, sondern es mussten au\u00dferdem komplett neue Inhalte eingearbeitet werden.<\/p>\n<p>Neben den bereits vorhandenen technischen Anforderungen der Vermessungstechnik ging es auch darum, die darstellenden, graphischen Aspekte der Geomatik, ehemals Kartographie, zu ber\u00fccksichtigen.<\/p>\n<p>[&#8230;]<\/p>\n<p>Wie bei der Neuordnung der Berufe ging es dabei aber nicht darum, die Inhalte von ehemals 2 Ausbildungsberufen mit jeweils 3 Jahren Ausbildungszeit einfach zusammenzuf\u00fcgen, sondern es musste abgewogen und ausgew\u00e4hlt werden was von den alten Inhalten weiterhin notwendig ist bzw. was erhalten bleiben muss bzw. weggelassen werden kann.<\/p>\n<p>Unter dem Gesichtspunkt, dass dieses Buch die Auszubildenden w\u00e4hrend ihrer 3-j\u00e4hrigen Ausbildung, und auch sp\u00e4ter w\u00e4hrend ihrer Berufsaus\u00fcbung theoretisch begleiten und unterst\u00fctzen soll, ist dies sicherlich ein sehr anspruchsvolles Vorhaben, was aber den Autoren meiner Meinung nach durchaus gelungen ist.<\/p>\n<p>Betrachtet man die Inhalte des Buches genauer, stellt man fest, dass die wesentlichen Grundlagen der Vermessung sehr gut beschrieben und auch ausf\u00fchrlich dargestellt werden. Angefangen von den Standardnormen und der Erkl\u00e4rung der Koordinatensysteme, der Beschreibung der Messverfahren bzw. der Berechnungsmethoden bis hin zur Darstellung und \u00dcbernahme in amtliche Informationssysteme ist dies sehr gut gelungen. Ebenso wurden die Grundlagen der Graphischen Datenverarbeitung sehr informativ beschrieben.<\/p>\n<p>Auch wenn die Ausbildungsverordnung sehr offen gehalten wurde, um dadurch die aktuellen Weiterentwicklungen der Geod\u00e4sie und der Geoinformatik in der Ausbildung ber\u00fccksichtigen zu k\u00f6nnen, wird sich eine Fortschreibung des Buches in Form einer n\u00e4chsten Auflage hoffentlich nicht vermeiden lassen.<\/p>\n<p>Diesbez\u00fcglich mache ich schon vorab 2 kleine Verbesserungsvorschl\u00e4ge anbringen:<\/p>\n<p>[&#8230;]<\/p>\n<p>Unter dem Gesichtspunkt, dass mittlerweile im Bereich der geod\u00e4tischen Anwendung \u00fcberwiegend kombinierte GPS\/GLONASS Empf\u00e4nger zum Einsatz kommen, sollte dies meines Erachtens zuk\u00fcnftig st\u00e4rker beachtet werden.<\/p>\n<p>[&#8230;]<\/p>\n<p><i>Es<\/i> w\u00e4re eine umfangreichere Ber\u00fccksichtigung der Technischen Vermessung als bisher (4 Seiten) w\u00fcnschenswert.<\/p>\n<p>[&#8230;]<\/p>\n<p>Auch wenn man in Zeiten des World Wide Web sehr schnell an sehr viele Informationen kommen kann, rechtfertigt sich diese Buch allein aus dem Gesichtspunkt der F\u00fcrsorgepflicht f\u00fcr die Auszubildenden, da zu viele Informationen nicht unbedingt f\u00f6rderlich sind.<\/p>\n<p>Grunds\u00e4tzlich ist dieses Buch sowohl den Auszubildenden, als auch den Ausbildenden als Handbuch w\u00e4hrend der Ausbildung sehr zu empfehlen. Einerseits um einen \u00fcberblick \u00fcber die zu lernenden\/lehrenden Ausbildungsinhalte zu erhalten, aber auch um bundesweit eine ann\u00e4hernd gleiche Ausbildung zu erhalten.<\/p>\n<p><i>Oliver Schmechting<\/i><\/p>\n","protected":false},"excerpt":{"rendered":"<p>Und so urteilen die Rezensenten zur 12. Auflage: \u00a0Allgemeine Vermessungsnachrichten 11-12\/2012, Seite 393\u00a0(avn 11\/12 2012) Generationen von Vermessungstechnikern haben mit diesem Buch w\u00e4hrend und nach ihrer Ausbildung gelernt. Fr\u00fcher war das Werk bekannt als &#8222;Hagebusch&#8220;. Im Lauf der letzten 46 &hellip; <a href=\"https:\/\/www.vermessung-und-geoinformation.de\/?page_id=143\">Weiterlesen <span class=\"meta-nav\">&rarr;<\/span><\/a><\/p>\n","protected":false},"author":1,"featured_media":0,"parent":0,"menu_order":50,"comment_status":"closed","ping_status":"open","template":"","meta":{"footnotes":""},"class_list":["post-143","page","type-page","status-publish","hentry"],"_links":{"self":[{"href":"https:\/\/www.vermessung-und-geoinformation.de\/index.php?rest_route=\/wp\/v2\/pages\/143","targetHints":{"allow":["GET"]}}],"collection":[{"href":"https:\/\/www.vermessung-und-geoinformation.de\/index.php?rest_route=\/wp\/v2\/pages"}],"about":[{"href":"https:\/\/www.vermessung-und-geoinformation.de\/index.php?rest_route=\/wp\/v2\/types\/page"}],"author":[{"embeddable":true,"href":"https:\/\/www.vermessung-und-geoinformation.de\/index.php?rest_route=\/wp\/v2\/users\/1"}],"replies":[{"embeddable":true,"href":"https:\/\/www.vermessung-und-geoinformation.de\/index.php?rest_route=%2Fwp%2Fv2%2Fcomments&post=143"}],"version-history":[{"count":14,"href":"https:\/\/www.vermessung-und-geoinformation.de\/index.php?rest_route=\/wp\/v2\/pages\/143\/revisions"}],"predecessor-version":[{"id":299,"href":"https:\/\/www.vermessung-und-geoinformation.de\/index.php?rest_route=\/wp\/v2\/pages\/143\/revisions\/299"}],"wp:attachment":[{"href":"https:\/\/www.vermessung-und-geoinformation.de\/index.php?rest_route=%2Fwp%2Fv2%2Fmedia&parent=143"}],"curies":[{"name":"wp","href":"https:\/\/api.w.org\/{rel}","templated":true}]}}