{"id":198,"date":"2016-07-12T12:35:54","date_gmt":"2016-07-12T10:35:54","guid":{"rendered":"http:\/\/www.vermessung-und-geoinformation.de\/?page_id=198"},"modified":"2016-07-12T13:00:34","modified_gmt":"2016-07-12T11:00:34","slug":"historische-kapitel","status":"publish","type":"page","link":"https:\/\/www.vermessung-und-geoinformation.de\/?page_id=198","title":{"rendered":"Historische Kapitel"},"content":{"rendered":"<p>Auf dieser Seite finden Sie PDF-Dateien von historischen Kapiteln, die im Zuge der \u00dcberarbeitung nicht mehr in der aktuellen Auflage des Fachbuchs enthalten sind.<\/p>\n<p>Da wir aber immer mal wieder nachfragen nach diesen &#8222;alten&#8220; Kapiteln erhalten, haben wir uns entschieden, diese als PDF-Dateien zur Verf\u00fcgung zu stellen.<\/p>\n<ul>\n<li>12. Auflage: <a href=\"\/wp-content\/uploads\/historisch_ALK-ALB.pdf\">Geobasisinformationssystem des Liegenschaftskatasters (ALK\/ALB)<\/a><\/li>\n<li>12. Auflage: <a href=\"\/wp-content\/uploads\/historisch_Flaechenberechnung_aus_Feldmassen_und_Kartenmassen.pdf\">Fl\u00e4chenberechnung aus Feldma\u00dfen und Kartenma\u00dfen<\/a><\/li>\n<li>12. Auflage: <a href=\"\/wp-content\/uploads\/historisch_Grossflaechige_Fortfuehrungen_des_Katasternachweises.pdf\">Gro\u00dffl\u00e4chige Fortf\u00fchrungen des Katasternachweises<\/a><\/li>\n<\/ul>\n<p>&nbsp;<\/p>\n","protected":false},"excerpt":{"rendered":"<p>Auf dieser Seite finden Sie PDF-Dateien von historischen Kapiteln, die im Zuge der \u00dcberarbeitung nicht mehr in der aktuellen Auflage des Fachbuchs enthalten sind. Da wir aber immer mal wieder nachfragen nach diesen &#8222;alten&#8220; Kapiteln erhalten, haben wir uns entschieden, &hellip; <a href=\"https:\/\/www.vermessung-und-geoinformation.de\/?page_id=198\">Weiterlesen <span class=\"meta-nav\">&rarr;<\/span><\/a><\/p>\n","protected":false},"author":1,"featured_media":0,"parent":4,"menu_order":10,"comment_status":"closed","ping_status":"closed","template":"","meta":{"footnotes":""},"class_list":["post-198","page","type-page","status-publish","hentry"],"_links":{"self":[{"href":"https:\/\/www.vermessung-und-geoinformation.de\/index.php?rest_route=\/wp\/v2\/pages\/198","targetHints":{"allow":["GET"]}}],"collection":[{"href":"https:\/\/www.vermessung-und-geoinformation.de\/index.php?rest_route=\/wp\/v2\/pages"}],"about":[{"href":"https:\/\/www.vermessung-und-geoinformation.de\/index.php?rest_route=\/wp\/v2\/types\/page"}],"author":[{"embeddable":true,"href":"https:\/\/www.vermessung-und-geoinformation.de\/index.php?rest_route=\/wp\/v2\/users\/1"}],"replies":[{"embeddable":true,"href":"https:\/\/www.vermessung-und-geoinformation.de\/index.php?rest_route=%2Fwp%2Fv2%2Fcomments&post=198"}],"version-history":[{"count":5,"href":"https:\/\/www.vermessung-und-geoinformation.de\/index.php?rest_route=\/wp\/v2\/pages\/198\/revisions"}],"predecessor-version":[{"id":211,"href":"https:\/\/www.vermessung-und-geoinformation.de\/index.php?rest_route=\/wp\/v2\/pages\/198\/revisions\/211"}],"up":[{"embeddable":true,"href":"https:\/\/www.vermessung-und-geoinformation.de\/index.php?rest_route=\/wp\/v2\/pages\/4"}],"wp:attachment":[{"href":"https:\/\/www.vermessung-und-geoinformation.de\/index.php?rest_route=%2Fwp%2Fv2%2Fmedia&parent=198"}],"curies":[{"name":"wp","href":"https:\/\/api.w.org\/{rel}","templated":true}]}}