{"id":255,"date":"2017-11-03T09:48:11","date_gmt":"2017-11-03T08:48:11","guid":{"rendered":"http:\/\/www.vermessung-und-geoinformation.de\/?page_id=255"},"modified":"2017-11-03T09:48:11","modified_gmt":"2017-11-03T08:48:11","slug":"erhebungserlass-2017-nrw","status":"publish","type":"page","link":"https:\/\/www.vermessung-und-geoinformation.de\/?page_id=255","title":{"rendered":"Erhebungserlass 2017 (NRW)"},"content":{"rendered":"<p>Zum 1.11.2017 hat der Erhebungserlass NRW Rechtskraft erlangt. Da es gegen\u00fcber der Entwurfsfassung, die zum Zeitpunkt der 13. Auflage vorlag, signifikante \u00c4nderungen gibt, haben wir das Kapitel 28 \u00fcberarbeitet und stellen die aktualisierte Fassung bereit.<\/p>\n<p><a href=\"https:\/\/www.vermessung-und-geoinformation.de\/wp-content\/uploads\/13.Auflage_Kapitel28_neu_2017-11-02.pdf\">13. Auflage \/ Kapitel 28 (neu)<\/a><\/p>\n","protected":false},"excerpt":{"rendered":"<p>Zum 1.11.2017 hat der Erhebungserlass NRW Rechtskraft erlangt. Da es gegen\u00fcber der Entwurfsfassung, die zum Zeitpunkt der 13. Auflage vorlag, signifikante \u00c4nderungen gibt, haben wir das Kapitel 28 \u00fcberarbeitet und stellen die aktualisierte Fassung bereit. 13. Auflage \/ Kapitel 28 &hellip; <a href=\"https:\/\/www.vermessung-und-geoinformation.de\/?page_id=255\">Weiterlesen <span class=\"meta-nav\">&rarr;<\/span><\/a><\/p>\n","protected":false},"author":1,"featured_media":0,"parent":4,"menu_order":0,"comment_status":"closed","ping_status":"closed","template":"","meta":{"footnotes":""},"class_list":["post-255","page","type-page","status-publish","hentry"],"_links":{"self":[{"href":"https:\/\/www.vermessung-und-geoinformation.de\/index.php?rest_route=\/wp\/v2\/pages\/255","targetHints":{"allow":["GET"]}}],"collection":[{"href":"https:\/\/www.vermessung-und-geoinformation.de\/index.php?rest_route=\/wp\/v2\/pages"}],"about":[{"href":"https:\/\/www.vermessung-und-geoinformation.de\/index.php?rest_route=\/wp\/v2\/types\/page"}],"author":[{"embeddable":true,"href":"https:\/\/www.vermessung-und-geoinformation.de\/index.php?rest_route=\/wp\/v2\/users\/1"}],"replies":[{"embeddable":true,"href":"https:\/\/www.vermessung-und-geoinformation.de\/index.php?rest_route=%2Fwp%2Fv2%2Fcomments&post=255"}],"version-history":[{"count":2,"href":"https:\/\/www.vermessung-und-geoinformation.de\/index.php?rest_route=\/wp\/v2\/pages\/255\/revisions"}],"predecessor-version":[{"id":257,"href":"https:\/\/www.vermessung-und-geoinformation.de\/index.php?rest_route=\/wp\/v2\/pages\/255\/revisions\/257"}],"up":[{"embeddable":true,"href":"https:\/\/www.vermessung-und-geoinformation.de\/index.php?rest_route=\/wp\/v2\/pages\/4"}],"wp:attachment":[{"href":"https:\/\/www.vermessung-und-geoinformation.de\/index.php?rest_route=%2Fwp%2Fv2%2Fmedia&parent=255"}],"curies":[{"name":"wp","href":"https:\/\/api.w.org\/{rel}","templated":true}]}}