{"id":39,"date":"2012-10-30T20:57:27","date_gmt":"2012-10-30T19:57:27","guid":{"rendered":"http:\/\/wp.vermessung-und-geoinformation.de\/?page_id=39"},"modified":"2025-10-05T16:26:51","modified_gmt":"2025-10-05T14:26:51","slug":"autoren","status":"publish","type":"page","link":"https:\/\/www.vermessung-und-geoinformation.de\/?page_id=39","title":{"rendered":"Autoren"},"content":{"rendered":"<p><strong>Dipl.-Ing. Martin Asbeck<\/strong><br \/>Jahrgang 1953<br \/><a href=\"https:\/\/www.vermessung-und-geoinformation.de\/?attachment_id=342\" rel=\"attachment wp-att-342\"><img loading=\"lazy\" decoding=\"async\" class=\"alignnone size-medium wp-image-342\" src=\"https:\/\/www.vermessung-und-geoinformation.de\/wp-content\/uploads\/martin2025-240x300.jpeg\" alt=\"Bild Martin Asbeck\" width=\"240\" height=\"300\" srcset=\"https:\/\/www.vermessung-und-geoinformation.de\/wp-content\/uploads\/martin2025-240x300.jpeg 240w, https:\/\/www.vermessung-und-geoinformation.de\/wp-content\/uploads\/martin2025.jpeg 511w\" sizes=\"auto, (max-width: 240px) 100vw, 240px\" \/><\/a><\/p>\n<p>Studium der Geod\u00e4sie in Bonn 1973 bis 1978<br \/>2. Staatspr\u00fcfung zum Vermessungsassessor 1981<br \/>Praktische T\u00e4tigkeit bei der Kreisverwaltung Schwelm und beim Autobahnamt Witten<br \/>1982 bis 2017 Berufsschullehrer in M\u00f6nchengladbach<br \/>Mitglied der KMK-Arbeitsgruppe \u201eGeomatiker\/Vermessungstechniker\u201c (Erstellung des Rahmenlehrplans 2009-2010)<br \/>Mitglied des Pr\u00fcfungsausschusses f\u00fcr die Vermessungstechniker bei der Bez. Reg. D\u00fcsseldorf 1984-2011<br \/>Mitglied des Pr\u00fcfungsausschusses f\u00fcr die Berufe in der Geoinformationstechnologie bei der Bez. Reg. D\u00fcsseldorf 2011 bis 2019<br \/>Dozent bei der RSL Akademie f\u00fcr die Ausbildung in den Berufen der Geoinformationstechnologie 2017 bis 2022<\/p>\n<p><strong>Dipl.-Ing. (FH) Stefan Dr\u00fcppel<\/strong><br \/>Jahrgang 1964<br \/><a href=\"https:\/\/www.vermessung-und-geoinformation.de\/?attachment_id=341\" rel=\"attachment wp-att-341\"><img loading=\"lazy\" decoding=\"async\" class=\"alignnone size-medium wp-image-341\" src=\"https:\/\/www.vermessung-und-geoinformation.de\/wp-content\/uploads\/Stefan2025-216x300.jpeg\" alt=\"Bild Stefan Dr\u00fcppel\" width=\"216\" height=\"300\" srcset=\"https:\/\/www.vermessung-und-geoinformation.de\/wp-content\/uploads\/Stefan2025-216x300.jpeg 216w, https:\/\/www.vermessung-und-geoinformation.de\/wp-content\/uploads\/Stefan2025.jpeg 406w\" sizes=\"auto, (max-width: 216px) 100vw, 216px\" \/><\/a><br \/>Ausbildung zum Vermessungstechniker bei der Stadtverwaltung D\u00fcsseldorf<br \/>Studium an der Fachhochschule W\u00fcrzburg-Schweinfurt<br \/>Ausbildung im gehobenen verm.techn. Dienst bei der Stadt D\u00fcsseldorf<br \/>seit 1993 bei der Bezirksregierung D\u00fcsseldorf<br \/>u.a. praktische T\u00e4tigkeit als Ausbilder und Ausbildungsberater<br \/>Mitglied des Pr\u00fcfungsausschuss f\u00fcr die Vermessungstechniker bei der Bez. Reg. D\u00fcsseldorf seit 1995-2011<br \/>Mitglied des Pr\u00fcfungsausschusses f\u00fcr die Berufe in der Geoinformationstechnologie bei der Bez. Reg. D\u00fcsseldorf seit 2011<br \/>Mitglied im Berufsbildungsausschuss f\u00fcr die Berufe in der Geoinformationstechnologie in NRW seit 2012<br \/>Mitglied im Pr\u00fcfungsausschuss f\u00fcr den gehobenen vermessungstechnischen Dienst in NRW seit 2008<\/p>\n<p><strong>Dipl.-Ing. Stephan Heitmann<\/strong><br \/>Jahrgang 1976<\/p>\n<p><a href=\"https:\/\/www.vermessung-und-geoinformation.de\/?attachment_id=353\" rel=\"attachment wp-att-353\"><img loading=\"lazy\" decoding=\"async\" src=\"https:\/\/www.vermessung-und-geoinformation.de\/wp-content\/uploads\/No_portrait_blanko.png\" alt=\"\" width=\"200\" height=\"200\" \/><\/a><\/p>\n<p>seit 2018 Leiter des Arbeitskreises Liegenschaftskataster der Arbeitsgemeinschaft der Vermessungsverwaltungen<br \/>seit 2013 Lehrauftr\u00e4ge im Bachelor und im Master zum Thema \u201eLiegenschaftskataster\u201c an der Hochschule Bochum<br \/>seit 2009 Referent im Innenministerium des Landes NRW, \u201eAmtliches Vermessungswesen\u201c<br \/>2004 Berufseinstieg beim damaligen Landesvermessungsamt NRW im Bereich \u201eDigitale Reliefinformation\u201c<br \/>2004 Abschluss 2. Staatsexamen<br \/>2001 Diplom an der Universit\u00e4t Bonn, \u201eGeod\u00e4sie\u201c<\/p>\n<p><strong>Dipl.-Ing. Klaus Skindelies<\/strong><br \/>Jahrgang 1950<br \/><a href=\"https:\/\/www.vermessung-und-geoinformation.de\/?attachment_id=343\" rel=\"attachment wp-att-343\"><img loading=\"lazy\" decoding=\"async\" class=\"alignnone size-medium wp-image-343\" src=\"https:\/\/www.vermessung-und-geoinformation.de\/wp-content\/uploads\/klaus2025-230x300.jpeg\" alt=\"Bild Klaus Skindelies\" width=\"230\" height=\"300\" srcset=\"https:\/\/www.vermessung-und-geoinformation.de\/wp-content\/uploads\/klaus2025-230x300.jpeg 230w, https:\/\/www.vermessung-und-geoinformation.de\/wp-content\/uploads\/klaus2025.jpeg 490w\" sizes=\"auto, (max-width: 230px) 100vw, 230px\" \/><\/a><\/p>\n<p>Studium an der Fachhochschule Essen<br \/>Ausbildung im gehobenen verm.techn. Dienst<br \/>u.a. langj\u00e4hrige praktische T\u00e4tigkeiten als Ausbilder und Ausbildungsberater bei der Bezirksregierung D\u00fcsseldorf<br \/>ehemaliges Mitglied im Pr\u00fcfungsausschuss f\u00fcr die Ausbildungsberufe in der Geoinformationstechnologie bei der Bezirksregierung D\u00fcsseldorf<br \/>bis 2016 Mitglied im Ausschuss f\u00fcr gemeinsame Pr\u00fcfungsaufgaben f\u00fcr die Ausbildungsberufe in der Geoinformationstechnologie in NRW<br \/>bis 2015 Mitglied im Berufsbildungsausschuss f\u00fcr die Ausbildungsberufe in der Geoinformationstechnologie in NRW<br \/>Sachverst\u00e4ndiger im Neuordnungsverfahren f\u00fcr die Ausbildungsberufe Vermessungstechniker\/in und Geomatiker\/in<\/p>\n<p><strong>Dipl.-Ing. (FH) Markus Stein<\/strong><br \/>Jahrgang 1974<br \/><a href=\"https:\/\/www.vermessung-und-geoinformation.de\/?attachment_id=349\" rel=\"attachment wp-att-349\"><img loading=\"lazy\" decoding=\"async\" class=\"alignnone size-medium wp-image-349\" src=\"https:\/\/www.vermessung-und-geoinformation.de\/wp-content\/uploads\/Markus2025-227x300.jpeg\" alt=\"Foto Markus Stein\" width=\"227\" height=\"300\" srcset=\"https:\/\/www.vermessung-und-geoinformation.de\/wp-content\/uploads\/Markus2025-227x300.jpeg 227w, https:\/\/www.vermessung-und-geoinformation.de\/wp-content\/uploads\/Markus2025.jpeg 484w\" sizes=\"auto, (max-width: 227px) 100vw, 227px\" \/><\/a><br \/>Ausbildung zum Vermessungstechniker bei der Stadtverwaltung K\u00f6ln<br \/>Studium des Vermessungswesen mit der Fachrichtung Geoinformatik an der Universit\u00e4t Gesamthochschule Essen<br \/>T\u00e4tigkeiten im Bereich der WebGIS-Entwicklung und Aufbau kommunaler Geodateninfrastrukturen<br \/>seit 2006 im Bereich Geodatenmanagement und Geodateninfrastruktur beim Stadtdienst Vermessung und Kataster der Klingenstadt Solingen<br \/>seit 2008 verantwortlich f\u00fcr den Aufbau der Geodateninfrastruktur GDI-SG<br \/>seit 2019 Mitwirkend im Modellprojekt SmartCity \/ Aufbau einer urbanen Datenplattform<br \/>seit 2025 Zust\u00e4ndig f\u00fcr den Betrieb und die Weiterentwicklung der urbanen Datenplattform<\/p>\n<hr \/>\n<p><strong>In Erinnerung:<br \/>Dipl.-Ing. (FH) Michael G\u00e4rtner<\/strong><br \/>Jahrgang 1943 &#8211; verstorben 2022<br \/><a href=\"https:\/\/www.vermessung-und-geoinformation.de\/wp-content\/uploads\/gaertner.png\"><img loading=\"lazy\" decoding=\"async\" class=\"alignnone size-full wp-image-37\" title=\"Michael G\u00e4rtner\" src=\"http:\/\/wp.vermessung-und-geoinformation.de\/wp-content\/uploads\/gaertner.png\" alt=\"Michael G\u00e4rtner\" width=\"100\" height=\"120\" \/><\/a><br \/>Ausbildung in einem \u00d6bVI-B\u00fcro<br \/>Studierender der Staatlichen Ingenieurschule f\u00fcr Bauwesen in Essen, Fachrichtung Vermessungswesen<br \/>Grundwehrdienst<br \/>T\u00e4tigkeit beim Landesvermessungsamt in den Bereichen Topographie, Photogrammetrie<br \/>1970 Pr\u00fcfung f\u00fcr den gehobenen technischen Dienst<br \/>von 1973 bis 2008 im Innenministerium NRW, Referat f\u00fcr Vermessungswesen, zuletzt als Referent im Referat f\u00fcr Geod\u00e4tische Grundlagen, Geobasisinformationssystem (Liegenschaftskataster)<br \/>seit Dezember 2008 im Ruhestand<\/p>\n\n\n<p><\/p>\n","protected":false},"excerpt":{"rendered":"<p>Dipl.-Ing. Martin AsbeckJahrgang 1953 Studium der Geod\u00e4sie in Bonn 1973 bis 19782. Staatspr\u00fcfung zum Vermessungsassessor 1981Praktische T\u00e4tigkeit bei der Kreisverwaltung Schwelm und beim Autobahnamt Witten1982 bis 2017 Berufsschullehrer in M\u00f6nchengladbachMitglied der KMK-Arbeitsgruppe \u201eGeomatiker\/Vermessungstechniker\u201c (Erstellung des Rahmenlehrplans 2009-2010)Mitglied des Pr\u00fcfungsausschusses f\u00fcr &hellip; <a href=\"https:\/\/www.vermessung-und-geoinformation.de\/?page_id=39\">Weiterlesen <span class=\"meta-nav\">&rarr;<\/span><\/a><\/p>\n","protected":false},"author":1,"featured_media":0,"parent":0,"menu_order":20,"comment_status":"closed","ping_status":"closed","template":"","meta":{"footnotes":""},"class_list":["post-39","page","type-page","status-publish","hentry"],"_links":{"self":[{"href":"https:\/\/www.vermessung-und-geoinformation.de\/index.php?rest_route=\/wp\/v2\/pages\/39","targetHints":{"allow":["GET"]}}],"collection":[{"href":"https:\/\/www.vermessung-und-geoinformation.de\/index.php?rest_route=\/wp\/v2\/pages"}],"about":[{"href":"https:\/\/www.vermessung-und-geoinformation.de\/index.php?rest_route=\/wp\/v2\/types\/page"}],"author":[{"embeddable":true,"href":"https:\/\/www.vermessung-und-geoinformation.de\/index.php?rest_route=\/wp\/v2\/users\/1"}],"replies":[{"embeddable":true,"href":"https:\/\/www.vermessung-und-geoinformation.de\/index.php?rest_route=%2Fwp%2Fv2%2Fcomments&post=39"}],"version-history":[{"count":17,"href":"https:\/\/www.vermessung-und-geoinformation.de\/index.php?rest_route=\/wp\/v2\/pages\/39\/revisions"}],"predecessor-version":[{"id":355,"href":"https:\/\/www.vermessung-und-geoinformation.de\/index.php?rest_route=\/wp\/v2\/pages\/39\/revisions\/355"}],"wp:attachment":[{"href":"https:\/\/www.vermessung-und-geoinformation.de\/index.php?rest_route=%2Fwp%2Fv2%2Fmedia&parent=39"}],"curies":[{"name":"wp","href":"https:\/\/api.w.org\/{rel}","templated":true}]}}