{"id":4,"date":"2012-10-29T20:54:08","date_gmt":"2012-10-29T20:54:08","guid":{"rendered":"http:\/\/wp.vermessung-und-geoinformation.de\/?page_id=4"},"modified":"2025-08-22T15:32:16","modified_gmt":"2025-08-22T13:32:16","slug":"startseite","status":"publish","type":"page","link":"https:\/\/www.vermessung-und-geoinformation.de\/","title":{"rendered":"Vermessung und Geoinformation"},"content":{"rendered":"<p>Herzlich Willkommen auf der Homepage zum Fachbuch<\/p>\n<p><span style=\"color: #ff0000;\"><strong>+++ Seit August 2025 ist die 15. Auflage erh\u00e4ltlich<\/strong><\/span><span style=\"color: #ff0000;\"><strong>+++<\/strong><\/span><\/p>\n<h1>Vermessung und Geoinformation<\/h1>\n<h2>Fachkunde f\u00fcr Vermessungstechniker und Geomatiker<\/h2>\n<p><a href=\"https:\/\/www.vermessung-und-geoinformation.de\/?attachment_id=327\"><img loading=\"lazy\" decoding=\"async\" class=\"alignnone wp-image-327 size-medium\" title=\"Cover12_258x350px\" src=\"https:\/\/www.vermessung-und-geoinformation.de\/wp-content\/uploads\/Umschlag_15_Auflage_Variante4_Azurblau_klein-217x300.png\" alt=\"\" width=\"217\" height=\"300\" srcset=\"https:\/\/www.vermessung-und-geoinformation.de\/wp-content\/uploads\/Umschlag_15_Auflage_Variante4_Azurblau_klein-217x300.png 217w, https:\/\/www.vermessung-und-geoinformation.de\/wp-content\/uploads\/Umschlag_15_Auflage_Variante4_Azurblau_klein.png 258w\" sizes=\"auto, (max-width: 217px) 100vw, 217px\" \/><\/a><\/p>\n<div><strong>Vorwort zur 15. Auflage<\/strong><br \/>\nF\u00fcr die 15. Auflage wurde der Teil E komplett \u00fcberarbeitet und an die Entwicklungen im amtlichen Vermessungswesen in Nordrhein-Westfalen angepasst. Die \u00dcberarbeitung ber\u00fccksichtigt die Anforderungen an den Ausbildungsberuf. Die Automatisierte Datenverarbeitung bzw. die Informationstechnologie unterliegt nach wie vor einer rasanten Entwicklung. Dementsprechend wurde der Abschnitt Grundlagen der ADV \u00fcberarbeitet. Im Abschnitt Geodatenerfassung wird auf den Einsatz moderner, smarter Technologien eingegangen und im Kapitel Geodateninfrastruktur wurden neue Entwicklungen, die f\u00fcr die Ausbildung zur Geomatikerin, zum Geomatiker relevant sind, eingearbeitet.<br \/>\nD\u00fcsseldorf im Juli 2025:<br \/>\n<strong>Beatrice Asbeck (Hrsg.), Martin Asbeck, Stefan Dr\u00fcppel, Stephan Heitmann, Klaus Skindelies, Markus Stein<\/strong><\/div>\n<div><\/div>\n<div>\n<div><strong>Zur Erinnerung<\/strong><\/div>\n<div>an den langj\u00e4hrigen Herausgeber der Buches \u201cFachkunde f\u00fcr Vermessungstechniker\u201d, sp\u00e4ter \u201cVermessung und Geoinformation\u201d, und Autor bis zur 14. Auflage Michael\u00a0 G\u00e4rtner \u2020<\/div>\n<div>Michael G\u00e4rtner war ma\u00dfgeblich als Autor an der 6. Auflage und danach als alleiniger Autor und Herausgeber f\u00fcr die 7. bis 9. Auflage verantwortlich. Ab der 10. Auflage wurde unter der Leitung von Michael G\u00e4rtner ein Autorenteam gebildet, wobei Michael G\u00e4rtner bis einschlie\u00dflich der 14. Auflage als hauptverantwortlicher Autor und gleichzeitig als Herausgeber fungierte. F\u00fcr Michael G\u00e4rtner war es wichtig, dass das vorliegende Fachbuch, auch im Sinne von Alfred Hagebusch erhalten bleibt und f\u00fcr die Ausbildung des vermessungstechnischen Nachwuchses weiterhin eine wertvolle Hilfe darstellt. Nach dem Tod von Michael G\u00e4rtner hat seine Ehefrau Gudrun G\u00e4rtner den Selbstverlag noch bis zum 31.12.2024 weitergef\u00fchrt. Zum 01.01.2025 hat nunmehr\u00a0 Frau Beatrice Asbeck (M\u00f6nchengladbach) den Selbstverlag mit allen Rechten und Befugnissen \u00fcbernommen. Druck und Vertrieb des Buches erfolgt weiterhin durch die Firma Winterworks (Borsdorf).<\/div>\n<\/div>\n<div><\/div>\n<div><strong>Vorwort zur 14. Auflage<\/strong><br \/>\nDa sich in den letzten Jahren auch im Bereich der Vermessung und Geoinformation wieder viel ver\u00e4ndert hat, haben wir uns dazu entschlossen, das Fachbuch zu aktualisieren und eine 14. Auflage herauszugeben.<br \/>\nDie Seitenzahl ist von 478 Seiten auf 501 Seiten angewachsen. Dieses ist der Tatsache geschuldet, dass manche Themen erweitert bzw. durch die Beschreibung neuer Techniken erg\u00e4nzt wurden.<br \/>\nDie Digitalisierung und Automatisierung spielt weiterhin eine herausragende Rolle, was aber nicht dar\u00fcber hinweg t\u00e4uschen darf, dass auch die Grundkenntnisse der Mathematik und der Geometrie bei den Berechnungen im Bereich der Vermessung und Geoinformation nach wie vor eine gro\u00dfe Rolle spielen.<br \/>\nZus\u00e4tzlich zu der praktischen und theoretischen Ausbildung kommt nat\u00fcrlich noch das Erlernen der diversen Vorschriften und Erlasse hinzu.<br \/>\nNach wie vor k\u00f6nnen auf unserer Homepage \u201ewww.vermessung-und-geoinformation.de\u201c Hinweise zum Inhalt des Fachbuches entnommen werden. Au\u00dferdem erscheinen dort auch historische Kapitel aus fr\u00fcheren Auflagen. Diese Inhalte werden zum Download angeboten.<\/div>\n<div><\/div>\n<div>D\u00fcsseldorf im Juli 2019:<\/div>\n<div><\/div>\n<div><strong>Martin Asbeck, Stefan Dr\u00fcppel, Michael G\u00e4rtner (Hrsg.), Klaus Skindelies, Markus Stein<\/strong><\/div>\n<div><\/div>\n<div><strong>Vorwort zur 13. Auflage<\/strong><\/div>\n<div class=\"standard\" style=\"text-align: justify;\">Wie andere technische Disziplinen auch, hat sich der Bereich \u201eVermessung und Geoinformation\u201c in nur wenigen Jahren stark ver\u00e4ndert. Dies ist auch abzulesen an den immer k\u00fcrzer werdenden Intervallen der Herausgabe neuer, aktualisierter Auflagen von Fachb\u00fcchern die sozusagen als Halbwertszeiten interpretiert werden k\u00f6nnen.<\/div>\n<div class=\"standard\" style=\"text-align: justify;\">Die nun vorliegende Auflage baut inhaltlich auf Bew\u00e4hrtem auf. So wurde z.\u00a0B. der Bereich \u201eGrundlagen der Geoinformationstechnologie\u201c in einzelnen F\u00e4llen vorsichtig \u2013 dort wo es sinnvoll schien, erweitert oder verbessert. Vergleichbar wurde bei anderen Abschnitten verfahren, die von essentieller Bedeutung sind.<\/div>\n<div class=\"standard\" style=\"text-align: justify;\">Die 13. Auflage ist gegen\u00fcber ihrer Vorg\u00e4ngerin um ca. 50 Seiten gewachsen. Dies ist auch der Tatsache geschuldet, das in den j\u00fcngst zur\u00fcckliegenden Jahren eine atemberaubende Weiterentwicklung automationsgest\u00fctzter Verfahren auf allen Gebieten eingesetzt hat. Sei es bei der Datenerhebung (die durch den zuk\u00fcnftigen Erhebungserlass NRW hier eine besondere Rolle einnimmt), Bearbeitung oder Auswertung.<\/div>\n<div class=\"standard\" style=\"text-align: justify;\">Die mit den neuesten Ger\u00e4ten und Techniken (wie z.\u00a0B. dem Einsatz UAV (unbemannter Drohnen &#8211; Kopter) zu erzielenden Leistungen \/ Ergebnisse sprengen zuweilen das eigene Vorstellungsverm\u00f6gen. Mittels weiterer \u00fcberwiegend ber\u00fchrungslos arbeitender Verfahren (z.\u00a0B. Laserscanning von Flugzeugen) werden die Geodaten in Geoinformationssystemen bereit gestellt und ausgewertet, z.\u00a0B. f\u00fcr digitale H\u00f6henmodelle, Gel\u00e4ndemodelle und viele m\u00f6gliche andere Anwendungen. Mittels dieser oder vergleichbarer Informationen sind nahezu uneingeschr\u00e4nkte Darstellungen der Erdoberfl\u00e4che m\u00f6glich.<\/div>\n<div class=\"standard\" style=\"text-align: justify;\">In diesem Buch werden die F\u00e4den der neuen Entwicklungen aufgenommen und pr\u00e4sentiert \u2013 soweit dies f\u00fcr die eigentliche Zielgruppe der Leser: auszubildende Vermessungstechnikerinnen\/-techniker und Geomatikerinnen\/Geomatiker sinnvoll ist. Der Stoff ist aber so aufbereitet, das auch Angeh\u00f6rige benachbarter Fachrichtungen Interesse zeigen k\u00f6nnen. Zudem ist das Buch bestens geeignet bereits Vergessenes wieder nachzulesen und \/oder von Neuem oder Aktuellem zu profitieren.<\/div>\n<div class=\"standard\" style=\"text-align: justify;\">Weitere Hinweise zum Inhalt des Fachbuches k\u00f6nnen der Homepage www-vermessung-und-geoinformation.de entnommen werden. Als weiteren Service werden dort historische Kapitel, die in fr\u00fcheren Auflagen erschienen waren und aus Aktualit\u00e4tsgr\u00fcnden aus der aktuellen Auflage genommen wurden, zum Download angeboten.<\/div>\n<div class=\"standard\" style=\"text-align: justify;\">Dem h\u00e4ufig ge\u00e4u\u00dferten Wunsch dieses Lehrbuch auch als E-Book bereit zu stellen kann leider nicht gefolgt werden, da f\u00fcr ein Lehrbuch dieser Art Tabellen und Graphiken nur unzureichend umgesetzt werden k\u00f6nnen und aus dem Zusammenhang gerissen werden m\u00fcssten. Dadurch w\u00fcrden zwangsweise der fachliche Zusammenhang leiden und die \u00dcbersichtlichkeit.<\/div>\n<p>D\u00fcsseldorf im August 2016:<\/p>\n<p><strong>Martin Asbeck, Stefan Dr\u00fcppel, Michael G\u00e4rtner (Hrsg.), Klaus Skindelies, Markus Stein<\/strong><\/p>\n","protected":false},"excerpt":{"rendered":"<p>Herzlich Willkommen auf der Homepage zum Fachbuch +++ Seit August 2025 ist die 15. Auflage erh\u00e4ltlich+++ Vermessung und Geoinformation Fachkunde f\u00fcr Vermessungstechniker und Geomatiker Vorwort zur 15. Auflage F\u00fcr die 15. Auflage wurde der Teil E komplett \u00fcberarbeitet und an &hellip; <a href=\"https:\/\/www.vermessung-und-geoinformation.de\/\">Weiterlesen <span class=\"meta-nav\">&rarr;<\/span><\/a><\/p>\n","protected":false},"author":1,"featured_media":0,"parent":0,"menu_order":0,"comment_status":"closed","ping_status":"open","template":"","meta":{"footnotes":""},"class_list":["post-4","page","type-page","status-publish","hentry"],"_links":{"self":[{"href":"https:\/\/www.vermessung-und-geoinformation.de\/index.php?rest_route=\/wp\/v2\/pages\/4","targetHints":{"allow":["GET"]}}],"collection":[{"href":"https:\/\/www.vermessung-und-geoinformation.de\/index.php?rest_route=\/wp\/v2\/pages"}],"about":[{"href":"https:\/\/www.vermessung-und-geoinformation.de\/index.php?rest_route=\/wp\/v2\/types\/page"}],"author":[{"embeddable":true,"href":"https:\/\/www.vermessung-und-geoinformation.de\/index.php?rest_route=\/wp\/v2\/users\/1"}],"replies":[{"embeddable":true,"href":"https:\/\/www.vermessung-und-geoinformation.de\/index.php?rest_route=%2Fwp%2Fv2%2Fcomments&post=4"}],"version-history":[{"count":29,"href":"https:\/\/www.vermessung-und-geoinformation.de\/index.php?rest_route=\/wp\/v2\/pages\/4\/revisions"}],"predecessor-version":[{"id":337,"href":"https:\/\/www.vermessung-und-geoinformation.de\/index.php?rest_route=\/wp\/v2\/pages\/4\/revisions\/337"}],"wp:attachment":[{"href":"https:\/\/www.vermessung-und-geoinformation.de\/index.php?rest_route=%2Fwp%2Fv2%2Fmedia&parent=4"}],"curies":[{"name":"wp","href":"https:\/\/api.w.org\/{rel}","templated":true}]}}